{"id":2925,"date":"2016-09-27T17:44:00","date_gmt":"2016-09-27T17:44:00","guid":{"rendered":"http:\/\/argilesbisbal.com\/productos\/otros\/"},"modified":"2019-07-15T15:52:37","modified_gmt":"2019-07-15T13:52:37","slug":"otros","status":"publish","type":"page","link":"https:\/\/argilesbisbal.com\/ca\/productos\/otros\/","title":{"rendered":"Producci\u00f3"},"content":{"rendered":"<h5><a href=\"http:\/\/argilesbisbal.com\/wp-content\/uploads\/2016\/09\/COSMETIC-CLAY-ARCILLAS-PARA-COSMETICA-MOLTURACION-ARGILE-SILICA-ARGILES-BISBAL.jpg\"><img loading=\"lazy\" decoding=\"async\" class=\"size-full wp-image-3718 alignleft\" src=\"http:\/\/argilesbisbal.com\/wp-content\/uploads\/2016\/09\/COSMETIC-CLAY-ARCILLAS-PARA-COSMETICA-MOLTURACION-ARGILE-SILICA-ARGILES-BISBAL.jpg\" alt=\"\" width=\"436\" height=\"275\" \/><\/a>Molturem les nostres terres despr\u00e9s de deixar-les oxigenar durant anys en espais oberts i assecades al sol en camp obert.<\/h5>\n<h5>Gr\u00e0cies al nou cremador de biomassa s&#8217;ha optimitzat la qualitat i la quantitat de molturaci\u00f3 de terres pr\u00f2pies i d&#8217;altres terres. Actualment podem suministrar altres sectors que tamb\u00e9 utilitzen argiles en pols.<\/h5>\n<h5>&#8211; Espais naturals: Les nostres terres molturades s\u00f3n utilitzades tamb\u00e9 en espais naturals de ciutats i pobles per embellir passejos, parcs i jardins.<\/h5>\n<h5>&#8211; Cosm\u00e8tica: Les argiles tenen la capacitat d&#8217;absorbir toxines i exc\u00e9s d&#8217;olis de la pell. L&#8217;argila en pols \u00e9s utilitzada en cosm\u00e8tica natural per a m\u00e0scares facials i tractaments corporals en Spas i centres d&#8217;est\u00e8tica. L&#8217;\u00fas regular dels tractaments amb argila neteja i revitalitza la pell mentre millora la circulaci\u00f3 sangu\u00ednia.<\/h5>\n<h5>&#8211; Alimentaci\u00f3 animal: La ingesti\u00f3 d&#8217;argila \u00e9s natural per als animals de pastura, si tenim en compte que els s\u00f2ls agr\u00edcoles sovint contenen argila. Actualment es barregen argiles amb pinsos per complementar la dieta del bestiar que no rep el complement natural directe de la terra.<\/h5>\n<h5>&#8211; Bioconstrucci\u00f3: Materials naturals com el fang, ajuden a realitzar construccions d&#8217;habitatges saludables, eficients i sostenibles. Actualment s&#8217;utilitza fang per la bioconstrucci\u00f3 per crear h\u00e0bitats respectuosos amb la salut dels seus ocupants i el Medi ambient. Els seus principis b\u00e0sics s\u00f3n evitar els materials t\u00f2xics, la reducci\u00f3 de la contaminaci\u00f3 atmosf\u00e8rica i electromagn\u00e8tica.<\/h5>\n","protected":false},"excerpt":{"rendered":"<p>Molturem les nostres terres despr\u00e9s de deixar-les oxigenar durant anys en espais oberts i assecades al sol en camp obert. Gr\u00e0cies al nou cremador de biomassa s&#8217;ha optimitzat la qualitat i la quantitat de molturaci\u00f3 de terres pr\u00f2pies i d&#8217;altres terres. Actualment podem suministrar altres sectors que tamb\u00e9 utilitzen argiles en pols. &#8211; Espais naturals: Les nostres terres molturades s\u00f3n utilitzades tamb\u00e9 en espais naturals de ciutats i pobles per embellir passejos, parcs i jardins. &#8211; Cosm\u00e8tica: Les argiles tenen la capacitat d&#8217;absorbir toxines i exc\u00e9s d&#8217;olis de la pell. L&#8217;argila en pols \u00e9s utilitzada en cosm\u00e8tica natural per a m\u00e0scares facials i tractaments corporals en Spas i centres d&#8217;est\u00e8tica. L&#8217;\u00fas regular dels tractaments amb argila neteja i revitalitza la pell mentre millora la circulaci\u00f3 sangu\u00ednia. &#8211; Alimentaci\u00f3 animal: La ingesti\u00f3 d&#8217;argila \u00e9s natural per als animals de pastura, si tenim en compte que els s\u00f2ls agr\u00edcoles sovint contenen argila. Actualment es barregen argiles amb pinsos per complementar la dieta del bestiar que no rep el complement natural directe de la terra. &#8211; Bioconstrucci\u00f3: Materials naturals com el fang, ajuden a realitzar construccions d&#8217;habitatges saludables, eficients i sostenibles. Actualment s&#8217;utilitza fang per la bioconstrucci\u00f3 per crear h\u00e0bitats respectuosos amb la [&hellip;]<\/p>\n","protected":false},"author":1,"featured_media":0,"parent":2913,"menu_order":0,"comment_status":"closed","ping_status":"closed","template":"","meta":{"footnotes":""},"class_list":["post-2925","page","type-page","status-publish","hentry"],"_links":{"self":[{"href":"https:\/\/argilesbisbal.com\/ca\/wp-json\/wp\/v2\/pages\/2925","targetHints":{"allow":["GET"]}}],"collection":[{"href":"https:\/\/argilesbisbal.com\/ca\/wp-json\/wp\/v2\/pages"}],"about":[{"href":"https:\/\/argilesbisbal.com\/ca\/wp-json\/wp\/v2\/types\/page"}],"author":[{"embeddable":true,"href":"https:\/\/argilesbisbal.com\/ca\/wp-json\/wp\/v2\/users\/1"}],"replies":[{"embeddable":true,"href":"https:\/\/argilesbisbal.com\/ca\/wp-json\/wp\/v2\/comments?post=2925"}],"version-history":[{"count":13,"href":"https:\/\/argilesbisbal.com\/ca\/wp-json\/wp\/v2\/pages\/2925\/revisions"}],"predecessor-version":[{"id":4462,"href":"https:\/\/argilesbisbal.com\/ca\/wp-json\/wp\/v2\/pages\/2925\/revisions\/4462"}],"up":[{"embeddable":true,"href":"https:\/\/argilesbisbal.com\/ca\/wp-json\/wp\/v2\/pages\/2913"}],"wp:attachment":[{"href":"https:\/\/argilesbisbal.com\/ca\/wp-json\/wp\/v2\/media?parent=2925"}],"curies":[{"name":"wp","href":"https:\/\/api.w.org\/{rel}","templated":true}]}}