{"id":2933,"date":"2016-09-27T17:43:11","date_gmt":"2016-09-27T16:43:11","guid":{"rendered":"http:\/\/argilesbisbal.com\/qui-som\/"},"modified":"2025-04-25T09:46:27","modified_gmt":"2025-04-25T07:46:27","slug":"qui-som","status":"publish","type":"page","link":"https:\/\/argilesbisbal.com\/ca\/qui-som\/","title":{"rendered":"Presentaci\u00f3"},"content":{"rendered":"<div class='row'><div style='padding-bottom:50px;' class='span8 first-module module_number_1 module_cont  module_content'><div class='module_content'>Fabricants i distribuidors de productes cer\u00e0mics. A principis dels anys 70 la fam\u00edlia Font inici\u00e0 l'activitat de la ind\u00fastria de l'argila. Argiles Bisbal, productora de pastes cer\u00e0miques, descendent de l'empresa familiar Font,\u00a0suministra minerals argilosos de terreres pr\u00f2pies amb una clara projecci\u00f3 de creixement des de 1998.<br \/>\n<br \/>\nLa f\u00e0brica va ser traslladada a prop de les terreres l'any 2007. Noves i modernes instal\u00b7lacions que permeten la investigaci\u00f3 de tota mena d'argiles per poder desenvolupar i crear pastes d'altes i regulars prestacions que arriben a ser l\u00edders en el mercat gr\u00e0cies a la sugger\u00e8ncies dels clients. Un producte de m\u00e0xima qualitat, respectant el medi ambient.<br \/>\n<br \/>\nPastes cer\u00e0miques de qualitat destinades al m\u00f3n de la cer\u00e1mica industrial, tradicional i art\u00edstica. Tamb\u00e9 destinada al sector de les manualitats, educaci\u00f3 i hobby. Sempre en contacte amb terrissers i artistes cer\u00e0mics, treballem junt amb associacions, cursos, performances i esdeveniments cer\u00e0mics.<br \/>\n<br \/>\nEl 2010, Quim Font, l'actual propietari va incorporar un nou equip de treball jove i din\u00e0mic per millorar la producci\u00f3 i el servei destinat a distribu\u00efdors cer\u00e0mics i productors de cer\u00e0mica. L'equip professional ofereix un servei de qualitat amb dedicaci\u00f3 i persever\u00e0ncia.<br \/>\n<br \/>\n&nbsp;<br \/>\n<br \/>\nArgiles Bisbal S.L. va adquirir l'empresa DAL Bcn l'any 2015. \u00a0Eines\u00a0per a la cer\u00e0mica, qualitat en els acabats, major efici\u00e8ncia i durabilitat.\u00a0Materies primeres d\u2019excel\u00b7lent qualitat: fusta, acer, inox, refractaris, alumini i llaut\u00f2.\u00a0DAL, fabricants d'\u00fatils i eines per al m\u00f3n de la cer\u00e0mica des de 1964.<br \/>\n<br \/>\n&nbsp;<br \/>\n<h6><a href=\"\/?page_id=701\" target=\"_blank\" rel=\"noopener noreferrer\"><img loading=\"lazy\" decoding=\"async\" class=\"wp-image-3058 alignleft\" src=\"https:\/\/argilesbisbal.com\/wp-content\/uploads\/2016\/09\/dal-logo-jpj-2017.jpg\" alt=\"dal-logo-jpj-2017\" width=\"169\" height=\"85\" srcset=\"https:\/\/argilesbisbal.com\/wp-content\/uploads\/2016\/09\/dal-logo-jpj-2017.jpg 802w, https:\/\/argilesbisbal.com\/wp-content\/uploads\/2016\/09\/dal-logo-jpj-2017-300x150.jpg 300w, https:\/\/argilesbisbal.com\/wp-content\/uploads\/2016\/09\/dal-logo-jpj-2017-768x385.jpg 768w\" sizes=\"auto, (max-width: 169px) 100vw, 169px\" \/><\/a> \"Fet per artesans per als artesans.\"<\/h6><br \/>\n&nbsp;<br \/>\n<br \/>\n&nbsp;<\/div><\/div><!-- .module_cont --><div style='padding-bottom:50px;' class='span4  module_number_2 module_cont  module_layer_slider'>\r\n                <div class='module_content'>\r\n                    <div class=\"rslides_container\"><ul class=\"rslides\"><li><img decoding=\"async\" src=\"https:\/\/argilesbisbal.com\/wp-content\/uploads\/2016\/11\/Argiles-Bisbal-1-web-495x400.jpg\" alt=\"Artes y Oficios tambi\u00e9n encuentran aplicaci\u00f3n, en las escuelasarcillas bisbal\" \/><\/li><li><img decoding=\"async\" src=\"https:\/\/argilesbisbal.com\/wp-content\/uploads\/2016\/11\/Argiles-Bisbal-5-web-495x400.jpg\" alt=\"ceramic products ceramica bisbal\" \/><\/li><li><img decoding=\"async\" src=\"https:\/\/argilesbisbal.com\/wp-content\/uploads\/2016\/11\/Argiles-Bisbal-8-web-495x400.jpg\" alt=\"pottery clay ceramic argiles-bisbal\" \/><\/li><li><img decoding=\"async\" src=\"https:\/\/argilesbisbal.com\/wp-content\/uploads\/2016\/11\/Argiles-Bisbal-9-web-495x400.jpg\" alt=\"ceramic bodies are available either free of chamotte argiles bisbal\" \/><\/li><li><img decoding=\"async\" src=\"https:\/\/argilesbisbal.com\/wp-content\/uploads\/2016\/11\/Argiles-Bisbal-13-web-495x400.jpg\" alt=\"Clay manufacture argiles bisbal\" \/><\/li><li><img decoding=\"async\" src=\"https:\/\/argilesbisbal.com\/wp-content\/uploads\/2016\/11\/Argiles-Bisbal-15-web-495x400.jpg\" alt=\"fabricants terra per la ceramica argiles bisbal\" \/><\/li><\/ul><\/div>\r\n                <\/div><\/div><!-- .module_cont --><\/div>","protected":false},"excerpt":{"rendered":"<p>Fabricants i distribuidors de productes cer\u00e0mics. A principis dels anys 70 la fam\u00edlia Font inici\u00e0 l&#8217;activitat de la ind\u00fastria de l&#8217;argila. Argiles Bisbal, productora de pastes cer\u00e0miques, descendent de l&#8217;empresa familiar Font,\u00a0suministra minerals argilosos de terreres pr\u00f2pies amb una clara projecci\u00f3 de creixement des de 1998. La f\u00e0brica va ser traslladada a prop de les terreres l&#8217;any 2007. Noves i modernes instal\u00b7lacions que permeten la investigaci\u00f3 de tota mena d&#8217;argiles per poder desenvolupar i crear pastes d&#8217;altes i regulars prestacions que arriben a ser l\u00edders en el mercat gr\u00e0cies a la sugger\u00e8ncies dels clients. Un producte de m\u00e0xima qualitat, respectant el medi ambient. Pastes cer\u00e0miques de qualitat destinades al m\u00f3n de la cer\u00e1mica industrial, tradicional i art\u00edstica. Tamb\u00e9 destinada al sector de les manualitats, educaci\u00f3 i hobby. Sempre en contacte amb terrissers i artistes cer\u00e0mics, treballem junt amb associacions, cursos, performances i esdeveniments cer\u00e0mics. El 2010, Quim Font, l&#8217;actual propietari va incorporar un nou equip de treball jove i din\u00e0mic per millorar la producci\u00f3 i el servei destinat a distribu\u00efdors cer\u00e0mics i productors de cer\u00e0mica. L&#8217;equip professional ofereix un servei de qualitat amb dedicaci\u00f3 i persever\u00e0ncia. &nbsp; Argiles Bisbal S.L. va adquirir l&#8217;empresa DAL Bcn l&#8217;any 2015. \u00a0Eines\u00a0per a la [&hellip;]<\/p>\n","protected":false},"author":2,"featured_media":0,"parent":0,"menu_order":0,"comment_status":"closed","ping_status":"closed","template":"","meta":{"footnotes":""},"class_list":["post-2933","page","type-page","status-publish","hentry"],"_links":{"self":[{"href":"https:\/\/argilesbisbal.com\/ca\/wp-json\/wp\/v2\/pages\/2933","targetHints":{"allow":["GET"]}}],"collection":[{"href":"https:\/\/argilesbisbal.com\/ca\/wp-json\/wp\/v2\/pages"}],"about":[{"href":"https:\/\/argilesbisbal.com\/ca\/wp-json\/wp\/v2\/types\/page"}],"author":[{"embeddable":true,"href":"https:\/\/argilesbisbal.com\/ca\/wp-json\/wp\/v2\/users\/2"}],"replies":[{"embeddable":true,"href":"https:\/\/argilesbisbal.com\/ca\/wp-json\/wp\/v2\/comments?post=2933"}],"version-history":[{"count":20,"href":"https:\/\/argilesbisbal.com\/ca\/wp-json\/wp\/v2\/pages\/2933\/revisions"}],"predecessor-version":[{"id":5280,"href":"https:\/\/argilesbisbal.com\/ca\/wp-json\/wp\/v2\/pages\/2933\/revisions\/5280"}],"wp:attachment":[{"href":"https:\/\/argilesbisbal.com\/ca\/wp-json\/wp\/v2\/media?parent=2933"}],"curies":[{"name":"wp","href":"https:\/\/api.w.org\/{rel}","templated":true}]}}