{"id":2927,"date":"2016-09-27T17:44:00","date_gmt":"2016-09-27T17:44:00","guid":{"rendered":"http:\/\/argilesbisbal.com\/productos\/otros\/"},"modified":"2019-07-15T15:54:05","modified_gmt":"2019-07-15T13:54:05","slug":"otros","status":"publish","type":"page","link":"https:\/\/argilesbisbal.com\/fr\/productos\/otros\/","title":{"rendered":"Production"},"content":{"rendered":"<h5><a href=\"http:\/\/argilesbisbal.com\/wp-content\/uploads\/2016\/09\/COSMETIC-CLAY-ARCILLAS-PARA-COSMETICA-MOLTURACION-ARGILE-SILICA-ARGILES-BISBAL.jpg\"><img loading=\"lazy\" decoding=\"async\" class=\"size-full wp-image-3718 alignleft\" src=\"http:\/\/argilesbisbal.com\/wp-content\/uploads\/2016\/09\/COSMETIC-CLAY-ARCILLAS-PARA-COSMETICA-MOLTURACION-ARGILE-SILICA-ARGILES-BISBAL.jpg\" alt=\"\" width=\"436\" height=\"275\" \/><\/a>Nous broyons \u00a0n\u00f4tres argiles apr\u00e8s les avoir laiss\u00e9es oxyg\u00e9ner pendant des ann\u00e9es dans des espaces ouverts et \u00e9tendues \u00e0 s\u00e9cher au soleil.<\/h5>\n<h5>Gr\u00e2ce au nouveau br\u00fbleur \u00e0 biomasse, la qualit\u00e9 et la quantit\u00e9 de broyage de nos argiles et d&rsquo;autres argiles ont \u00e9t\u00e9 optimis\u00e9es. Aujourd\u2019hui, nous pouvons fournir d&rsquo;autres secteurs qui utilisent \u00e9galement des argiles en poudre.<\/h5>\n<h5>&#8211; Espaces naturels: Nos terres sont \u00e9galement utilis\u00e9s dans les espaces naturels des villes et des villages pour embellir les promenades, les parcs et les jardins.<\/h5>\n<h5>&#8211; Cosm\u00e9tiques: Les argiles ont la capacit\u00e9 d&rsquo;absorber les toxines et les exc\u00e8s d&rsquo;huiles de la peau. L\u2019argile en poudre est utilis\u00e9 en cosm\u00e9tiques naturels autant comme masque facial que comme traitements corporels dans les spas et centres de beaut\u00e9. L&rsquo;utilisation r\u00e9guli\u00e8re des traitements \u00e0 l&rsquo;argile revitalise et nettoie la peau tout en am\u00e9liorant la circulation sanguine.<\/h5>\n<h5>&#8211; Alimentation des animaux: L&rsquo;ingestion d&rsquo;argile est habituelle pour les animau, \u00e9tant donn\u00e9 que les champs agricoles contiennent souvent de l&rsquo;argile. Actuellement, les argiles sont m\u00e9lang\u00e9es avec des aliments pour compl\u00e9ter le r\u00e9gime alimentaire des animaux qui ne re\u00e7oivent pas directement de la nature.<\/h5>\n<h5>&#8211; Bioconstruction: Les mat\u00e9riaux naturels tels que l&rsquo;argile, aider \u00e0 construire des maisons saines, efficaces et durables. Actuellement, l&rsquo;argile sert \u00e0 la bio-construction pour cr\u00e9er des habitats respectueux de la sant\u00e9 de ses occupants et de l&rsquo;environnement. Ses principes de base sont d&rsquo;\u00e9viter les mati\u00e8res toxiques, la r\u00e9duction de la pollution atmosph\u00e9rique et \u00e9lectromagn\u00e9tique.<\/h5>\n","protected":false},"excerpt":{"rendered":"<p>Nous broyons \u00a0n\u00f4tres argiles apr\u00e8s les avoir laiss\u00e9es oxyg\u00e9ner pendant des ann\u00e9es dans des espaces ouverts et \u00e9tendues \u00e0 s\u00e9cher au soleil. Gr\u00e2ce au nouveau br\u00fbleur \u00e0 biomasse, la qualit\u00e9 et la quantit\u00e9 de broyage de nos argiles et d&rsquo;autres argiles ont \u00e9t\u00e9 optimis\u00e9es. Aujourd\u2019hui, nous pouvons fournir d&rsquo;autres secteurs qui utilisent \u00e9galement des argiles en poudre. &#8211; Espaces naturels: Nos terres sont \u00e9galement utilis\u00e9s dans les espaces naturels des villes et des villages pour embellir les promenades, les parcs et les jardins. &#8211; Cosm\u00e9tiques: Les argiles ont la capacit\u00e9 d&rsquo;absorber les toxines et les exc\u00e8s d&rsquo;huiles de la peau. L\u2019argile en poudre est utilis\u00e9 en cosm\u00e9tiques naturels autant comme masque facial que comme traitements corporels dans les spas et centres de beaut\u00e9. L&rsquo;utilisation r\u00e9guli\u00e8re des traitements \u00e0 l&rsquo;argile revitalise et nettoie la peau tout en am\u00e9liorant la circulation sanguine. &#8211; Alimentation des animaux: L&rsquo;ingestion d&rsquo;argile est habituelle pour les animau, \u00e9tant donn\u00e9 que les champs agricoles contiennent souvent de l&rsquo;argile. Actuellement, les argiles sont m\u00e9lang\u00e9es avec des aliments pour compl\u00e9ter le r\u00e9gime alimentaire des animaux qui ne re\u00e7oivent pas directement de la nature. &#8211; Bioconstruction: Les mat\u00e9riaux naturels tels que l&rsquo;argile, aider \u00e0 construire des maisons saines, efficaces et [&hellip;]<\/p>\n","protected":false},"author":1,"featured_media":0,"parent":2915,"menu_order":0,"comment_status":"closed","ping_status":"closed","template":"","meta":{"footnotes":""},"class_list":["post-2927","page","type-page","status-publish","hentry"],"_links":{"self":[{"href":"https:\/\/argilesbisbal.com\/fr\/wp-json\/wp\/v2\/pages\/2927","targetHints":{"allow":["GET"]}}],"collection":[{"href":"https:\/\/argilesbisbal.com\/fr\/wp-json\/wp\/v2\/pages"}],"about":[{"href":"https:\/\/argilesbisbal.com\/fr\/wp-json\/wp\/v2\/types\/page"}],"author":[{"embeddable":true,"href":"https:\/\/argilesbisbal.com\/fr\/wp-json\/wp\/v2\/users\/1"}],"replies":[{"embeddable":true,"href":"https:\/\/argilesbisbal.com\/fr\/wp-json\/wp\/v2\/comments?post=2927"}],"version-history":[{"count":16,"href":"https:\/\/argilesbisbal.com\/fr\/wp-json\/wp\/v2\/pages\/2927\/revisions"}],"predecessor-version":[{"id":4464,"href":"https:\/\/argilesbisbal.com\/fr\/wp-json\/wp\/v2\/pages\/2927\/revisions\/4464"}],"up":[{"embeddable":true,"href":"https:\/\/argilesbisbal.com\/fr\/wp-json\/wp\/v2\/pages\/2915"}],"wp:attachment":[{"href":"https:\/\/argilesbisbal.com\/fr\/wp-json\/wp\/v2\/media?parent=2927"}],"curies":[{"name":"wp","href":"https:\/\/api.w.org\/{rel}","templated":true}]}}