{"id":2935,"date":"2016-09-27T17:43:11","date_gmt":"2016-09-27T16:43:11","guid":{"rendered":"http:\/\/argilesbisbal.com\/qui-som\/"},"modified":"2025-04-25T10:08:17","modified_gmt":"2025-04-25T08:08:17","slug":"qui-som","status":"publish","type":"page","link":"https:\/\/argilesbisbal.com\/fr\/qui-som\/","title":{"rendered":"L&rsquo;entreprise"},"content":{"rendered":"<div class='row'><div style='padding-bottom:50px;' class='span8 first-module module_number_1 module_cont  module_content'><div class='module_content'>Producteur et distributeur des produits \u00a0et \u00a0mat\u00e9riels \u00a0pour la c\u00e9ramique. Au d\u00e9but des ann\u00e9es 70 la famille Font a initi\u00e9 son activit\u00e9 \u00e0 l'industrie en argile. Argiles Bisbal, producteur de p\u00e2tes c\u00e9ramiques, descendant de l'entreprise famili\u00e8re Font,\u00a0fournit\u00a0les min\u00e9raux argileux des propres carri\u00e8res avec une claire projection de croissance d\u00e8s 1998.<br \/>\n<br \/>\nEn 2007 la fabrique a \u00e9t\u00e9 d\u00e9plac\u00e9e pr\u00e8s des carri\u00e8res. De nouvelles installations modernes, permettent la recherche d'argiles et pouvoir d\u00e9velopper et cr\u00e9er les p\u00e2tes de hautes prestations. Le succ\u00e8s de notre entreprise est l\u2019aboutissement d\u2019un \u00a0respect constant vers nos clients, en offrant \u00a0une grande qualit\u00e9 en tous nos produits et \u00a0services en respectant l' environnement.<br \/>\n<br \/>\nP\u00e2tes de qualit\u00e9, destin\u00e9es au monde de la poterie et de la c\u00e9ramique artistique, traditionnelle et industrielle. Aussi destin\u00e9es au secteur du hobby, arts plastiques et \u00e9ducation. Constamment en contact avec potiers et les artistes c\u00e9ramiques, nous travaillons avec associations, activit\u00e9s, performances et des \u00e9v\u00e8nements c\u00e9ramiques.<br \/>\n<br \/>\nEn 2010, Quim Font, l'actuel propri\u00e9taire, a incorpor\u00e9 une nouvelle \u00e9quipe de travail jeune et dynamique pour am\u00e9liorer la production et le service destin\u00e9 aux distributeurs c\u00e9ramiques et producteurs de c\u00e9ramique. L'\u00e9quipe professional offre une qualit\u00e9 en service avec engagement et pers\u00e9v\u00e9rance.<br \/>\n<br \/>\nEn 2015 Dal Bcn outils soci\u00e9t\u00e9 a \u00e9t\u00e9 reprise par Argiles Bisbal S.L. \u00a0\u00a0Outils pour la c\u00e9ramique, Qualit\u00e9 des finitions, recherche d\u2019une meilleure efficacit\u00e9 et durabilit\u00e9. Mati\u00e8re premi\u00e8re d\u2019excellente qualit\u00e9 comme le bois, l\u2019acier, l\u2019inox, le r\u00e9fractaire, l\u2019aluminium et le laiton.\u00a0DAL Barcelona, producteurs des outils pour la c\u00e9ramique depuis 1964.<br \/>\n<br \/>\n&nbsp;<br \/>\n<h6><a href=\"\/?page_id=701\" target=\"_blank\" rel=\"noopener\"><img loading=\"lazy\" decoding=\"async\" class=\"wp-image-3057 alignleft\" src=\"https:\/\/argilesbisbal.com\/wp-content\/uploads\/2016\/09\/dal-logo-jpj-2017.jpg\" alt=\"dal-logo-jpj-2017\" width=\"164\" height=\"82\" srcset=\"https:\/\/argilesbisbal.com\/wp-content\/uploads\/2016\/09\/dal-logo-jpj-2017.jpg 802w, https:\/\/argilesbisbal.com\/wp-content\/uploads\/2016\/09\/dal-logo-jpj-2017-300x150.jpg 300w, https:\/\/argilesbisbal.com\/wp-content\/uploads\/2016\/09\/dal-logo-jpj-2017-768x385.jpg 768w\" sizes=\"auto, (max-width: 164px) 100vw, 164px\" \/><\/a><\/h6><br \/>\n<h6><em><strong><q>Fait par des artisans pour des artisans<\/q><\/strong><\/em><\/h6><\/div><\/div><!-- .module_cont --><div style='padding-bottom:50px;' class='span4  module_number_2 module_cont  module_layer_slider'>\r\n                <div class='module_content'>\r\n                    <div class=\"rslides_container\"><ul class=\"rslides\"><li><img decoding=\"async\" src=\"https:\/\/argilesbisbal.com\/wp-content\/uploads\/2016\/11\/Argiles-Bisbal-1-web-495x400.jpg\" alt=\"Artes y Oficios tambi\u00e9n encuentran aplicaci\u00f3n, en las escuelasarcillas bisbal\" \/><\/li><li><img decoding=\"async\" src=\"https:\/\/argilesbisbal.com\/wp-content\/uploads\/2016\/11\/Argiles-Bisbal-5-web-495x400.jpg\" alt=\"ceramic products ceramica bisbal\" \/><\/li><li><img decoding=\"async\" src=\"https:\/\/argilesbisbal.com\/wp-content\/uploads\/2016\/11\/Argiles-Bisbal-8-web-495x400.jpg\" alt=\"pottery clay ceramic argiles-bisbal\" \/><\/li><li><img decoding=\"async\" src=\"https:\/\/argilesbisbal.com\/wp-content\/uploads\/2016\/11\/Argiles-Bisbal-9-web-495x400.jpg\" alt=\"ceramic bodies are available either free of chamotte argiles bisbal\" \/><\/li><li><img decoding=\"async\" src=\"https:\/\/argilesbisbal.com\/wp-content\/uploads\/2016\/11\/Argiles-Bisbal-13-web-495x400.jpg\" alt=\"Clay manufacture argiles bisbal\" \/><\/li><li><img decoding=\"async\" src=\"https:\/\/argilesbisbal.com\/wp-content\/uploads\/2016\/11\/Argiles-Bisbal-15-web-495x400.jpg\" alt=\"fabricants terra per la ceramica argiles bisbal\" \/><\/li><\/ul><\/div>\r\n                <\/div><\/div><!-- .module_cont --><\/div>","protected":false},"excerpt":{"rendered":"<p>Producteur et distributeur des produits \u00a0et \u00a0mat\u00e9riels \u00a0pour la c\u00e9ramique. Au d\u00e9but des ann\u00e9es 70 la famille Font a initi\u00e9 son activit\u00e9 \u00e0 l&rsquo;industrie en argile. Argiles Bisbal, producteur de p\u00e2tes c\u00e9ramiques, descendant de l&rsquo;entreprise famili\u00e8re Font,\u00a0fournit\u00a0les min\u00e9raux argileux des propres carri\u00e8res avec une claire projection de croissance d\u00e8s 1998. En 2007 la fabrique a \u00e9t\u00e9 d\u00e9plac\u00e9e pr\u00e8s des carri\u00e8res. De nouvelles installations modernes, permettent la recherche d&rsquo;argiles et pouvoir d\u00e9velopper et cr\u00e9er les p\u00e2tes de hautes prestations. Le succ\u00e8s de notre entreprise est l\u2019aboutissement d\u2019un \u00a0respect constant vers nos clients, en offrant \u00a0une grande qualit\u00e9 en tous nos produits et \u00a0services en respectant l&rsquo; environnement. P\u00e2tes de qualit\u00e9, destin\u00e9es au monde de la poterie et de la c\u00e9ramique artistique, traditionnelle et industrielle. Aussi destin\u00e9es au secteur du hobby, arts plastiques et \u00e9ducation. Constamment en contact avec potiers et les artistes c\u00e9ramiques, nous travaillons avec associations, activit\u00e9s, performances et des \u00e9v\u00e8nements c\u00e9ramiques. En 2010, Quim Font, l&rsquo;actuel propri\u00e9taire, a incorpor\u00e9 une nouvelle \u00e9quipe de travail jeune et dynamique pour am\u00e9liorer la production et le service destin\u00e9 aux distributeurs c\u00e9ramiques et producteurs de c\u00e9ramique. L&rsquo;\u00e9quipe professional offre une qualit\u00e9 en service avec engagement et pers\u00e9v\u00e9rance. En 2015 Dal Bcn outils soci\u00e9t\u00e9 [&hellip;]<\/p>\n","protected":false},"author":1,"featured_media":0,"parent":0,"menu_order":0,"comment_status":"closed","ping_status":"closed","template":"","meta":{"footnotes":""},"class_list":["post-2935","page","type-page","status-publish","hentry"],"_links":{"self":[{"href":"https:\/\/argilesbisbal.com\/fr\/wp-json\/wp\/v2\/pages\/2935","targetHints":{"allow":["GET"]}}],"collection":[{"href":"https:\/\/argilesbisbal.com\/fr\/wp-json\/wp\/v2\/pages"}],"about":[{"href":"https:\/\/argilesbisbal.com\/fr\/wp-json\/wp\/v2\/types\/page"}],"author":[{"embeddable":true,"href":"https:\/\/argilesbisbal.com\/fr\/wp-json\/wp\/v2\/users\/1"}],"replies":[{"embeddable":true,"href":"https:\/\/argilesbisbal.com\/fr\/wp-json\/wp\/v2\/comments?post=2935"}],"version-history":[{"count":23,"href":"https:\/\/argilesbisbal.com\/fr\/wp-json\/wp\/v2\/pages\/2935\/revisions"}],"predecessor-version":[{"id":5282,"href":"https:\/\/argilesbisbal.com\/fr\/wp-json\/wp\/v2\/pages\/2935\/revisions\/5282"}],"wp:attachment":[{"href":"https:\/\/argilesbisbal.com\/fr\/wp-json\/wp\/v2\/media?parent=2935"}],"curies":[{"name":"wp","href":"https:\/\/api.w.org\/{rel}","templated":true}]}}